{"id":15,"date":"2024-05-22T00:36:57","date_gmt":"2024-05-22T00:36:57","guid":{"rendered":"https:\/\/cry.tmp.vis-hosting.com\/?page_id=15"},"modified":"2024-05-24T09:25:28","modified_gmt":"2024-05-24T09:25:28","slug":"inicio","status":"publish","type":"page","link":"https:\/\/cry.tmp.vis-hosting.com\/","title":{"rendered":"Inicio"},"content":{"rendered":"\n<div class=\"wp-block-stackable-columns alignfull stk-block-columns stk-block stk-c2a98d6 stk-block-background stk--has-background-overlay\" data-block-id=\"c2a98d6\"><style>.stk-c2a98d6{background-image:url(https:\/\/cry.tmp.vis-hosting.com\/wp-content\/uploads\/2024\/05\/celebracion-vida-nocturna-establecimiento-bares-multicolores-ia-generativa_188544-12375.avif) !important;min-height:900px !important;align-items:center !important;margin-bottom:0px !important;display:flex !important}.stk-c2a98d6:before{background-color:#000000 !important;opacity:0.8 !important}.stk-c2a98d6-column{max-width:1500px !important;--stk-columns-spacing:0px !important}<\/style><div class=\"stk-row stk-inner-blocks stk-block-content stk-content-align stk-c2a98d6-column\">\n<div class=\"wp-block-stackable-column stk-block-column stk-column stk-block stk-5c1520b\" data-v=\"4\" data-block-id=\"5c1520b\"><style>.stk-5c1520b-container{max-width:409px !important;margin-right:0px !important;margin-left:auto !important}<\/style><div class=\"stk-column-wrapper stk-block-column__content stk-container stk-5c1520b-container stk--no-background stk--no-padding\"><div class=\"stk-block-content stk-inner-blocks stk-5c1520b-inner-blocks\">\n<div class=\"wp-block-stackable-heading stk-block-heading stk-block-heading--v2 stk-block stk-89ece06\" id=\"llevamos-la-barra-a-donde-estes\" data-block-id=\"89ece06\"><style>.stk-89ece06 .stk-block-heading__text{font-size:49px !important;color:var(--theme-palette-color-8,#ffffff) !important}@media screen and (max-width:1023px){.stk-89ece06 .stk-block-heading__text{font-size:49px !important}}<\/style><h1 class=\"stk-block-heading__text has-text-color has-text-align-center\">Llevamos la barra a donde est\u00e9s<\/h1><\/div>\n\n\n\n<div class=\"wp-block-stackable-text stk-block-text stk-block stk-14f37d7\" data-block-id=\"14f37d7\"><style>.stk-14f37d7 .stk-block-text__text{font-size:20px !important;color:var(--theme-palette-color-8,#ffffff) !important}@media screen and (max-width:1023px){.stk-14f37d7 .stk-block-text__text{font-size:20px !important}}<\/style><p class=\"stk-block-text__text has-text-color has-text-align-center\">\u00a1Haz de tu evento algo inolvidable con nuestra barra m\u00f3vil de tragos! Nuestros expertos en mixolog\u00eda est\u00e1n listos para sorprenderte con una variedad de c\u00f3cteles deliciosos y un servicio impecable. Desde bodas hasta fiestas corporativas, nosotros nos encargamos de todo para que t\u00fa puedas relajarte y disfrutar junto a tus invitados. \u00a1Cont\u00e1ctanos ahora para reservar tu fecha!<\/p><\/div>\n<\/div><\/div><\/div>\n<\/div><\/div>\n\n\n\n<div class=\"wp-block-stackable-columns alignfull stk-block-columns stk-block stk-168a11f stk-block-background\" data-block-id=\"168a11f\"><style>.stk-168a11f{background-color:#000000eb !important;box-shadow:none !important;margin-bottom:36px !important}.stk-168a11f:before{background-color:#000000eb !important}.stk-168a11f-column{--stk-columns-spacing:0px !important;--stk-column-gap:0px !important}<\/style><div class=\"stk-row stk-inner-blocks stk-block-content stk-content-align stk-168a11f-column\">\n<div class=\"wp-block-stackable-column stk-block-column stk-column stk-block stk-47fb380\" data-v=\"4\" data-block-id=\"47fb380\"><style>.stk-47fb380{box-shadow:none !important}.stk-47fb380-container{max-width:1500px !important}<\/style><div class=\"stk-column-wrapper stk-block-column__content stk-container stk-47fb380-container stk--no-background stk--no-padding\"><div class=\"stk-block-content stk-inner-blocks stk-47fb380-inner-blocks\">\n<div class=\"wp-block-stackable-heading stk-block-heading stk-block-heading--v2 stk-block stk-e159602\" id=\"servicios-de-barra-movil\" data-block-id=\"e159602\"><style>.stk-e159602{margin-bottom:16px !important}.stk-e159602 .stk-block-heading__text{color:var(--theme-palette-color-7,#FAFBFC) !important}<\/style><h2 class=\"stk-block-heading__text has-text-color has-text-align-center\">Servicios de Barra M\u00f3vil<\/h2><\/div>\n\n\n\n<div class=\"wp-block-stackable-text stk-block-text stk-block stk-e272785\" data-block-id=\"e272785\"><style>.stk-e272785{margin-bottom:48px !important}.stk-e272785 .stk-block-text__text{color:var(--theme-palette-color-7,#FAFBFC) !important}<\/style><p class=\"stk-block-text__text has-text-color has-text-align-center\">Nuestros servicios de barra m\u00f3vil ofrecen una experiencia \u00fanica en cada evento. Desde c\u00f3cteles cl\u00e1sicos hasta creaciones innovadoras, nuestro equipo de expertos en mixolog\u00eda se encarga de todo, garantizando que tu ocasi\u00f3n sea inolvidable.<\/p><\/div>\n\n\n\n<div class=\"wp-block-stackable-feature-grid alignwide stk-block-feature-grid stk-block-columns stk-block stk-b2795c5 is-style-large-mid\" data-block-id=\"b2795c5\"><style>.stk-b2795c5 .stk--block-align-b2795c5{align-items:center !important}.stk-b2795c5{border-style:solid !important;border-top-width:0px !important;border-right-width:0px !important;border-bottom-width:0px !important;border-left-width:0px !important}.stk-b2795c5-column{--stk-column-gap:32px !important}@media screen and (max-width:767px){.stk-b2795c5-column{row-gap:24px !important}}<\/style><div class=\"stk-row stk-inner-blocks has-text-align-center stk--block-align-b2795c5 stk-block-content stk-content-align stk-b2795c5-column alignwide\">\n<div class=\"wp-block-stackable-column stk-block-column stk-column stk-block stk-e329401\" data-v=\"4\" data-block-id=\"e329401\"><style>.stk-e329401{border-top-left-radius:50px !important;border-top-right-radius:50px !important;border-bottom-right-radius:50px !important;border-bottom-left-radius:50px !important;overflow:hidden !important;box-shadow:none !important}.stk-e329401-inner-blocks{justify-content:center !important}.stk-e329401-container{display:flex !important}@media screen and (min-width:768px){.stk-e329401{flex:var(--stk-flex-grow,1) 1 30% !important}}@media screen and (min-width:768px) and (max-width:1023px){.stk-e329401{flex:var(--stk-flex-grow,1) 1 calc(100% - var(--stk-column-gap,0px) * 0 \/ 1 ) !important}}<\/style><div class=\"stk-column-wrapper stk-block-column__content stk-container stk-e329401-container stk-hover-parent\"><div class=\"stk-block-content stk-inner-blocks stk-e329401-inner-blocks\">\n<div class=\"wp-block-stackable-image stk-block-image stk-block stk-40f9597\" data-block-id=\"40f9597\"><style>.stk-40f9597 .stk-img-wrapper{height:250px !important}<\/style><figure><span class=\"stk-img-wrapper stk-image--shape-stretch\"><img loading=\"lazy\" decoding=\"async\" class=\"stk-img wp-image-2982\" src=\"https:\/\/storage.googleapis.com\/stackable-plugin-assets\/library-v3\/section-wireframes-service-4\/bf042e958f5b.png\" width=\"250\" height=\"300\"\/><\/span><\/figure><\/div>\n\n\n\n<div class=\"wp-block-stackable-heading stk-block-heading stk-block-heading--v2 stk-block stk-420403b\" id=\"service-1\" data-block-id=\"420403b\"><h3 class=\"stk-block-heading__text\">Service 1<\/h3><\/div>\n\n\n\n<div class=\"wp-block-stackable-text stk-block-text stk-block stk-fdbeb9a\" data-block-id=\"fdbeb9a\"><p class=\"stk-block-text__text\">Description for this block. Use this space for describing your block. Any text will do. Description for this block. You can use this space for describing your block.<\/p><\/div>\n\n\n\n<div class=\"wp-block-stackable-button-group stk-block-button-group stk-block stk-3f797bc\" data-block-id=\"3f797bc\"><div class=\"stk-row stk-inner-blocks stk-block-content stk-button-group\">\n<div class=\"wp-block-stackable-button stk-block-button is-style-plain stk-block stk-dd7fd44\" data-block-id=\"dd7fd44\"><style>.stk-dd7fd44 .stk-button{background:transparent !important}<\/style><a class=\"stk-link stk-button stk--hover-effect-darken\" href=\"\"><span class=\"stk-button__inner-text\">Agendar<\/span><span class=\"stk--svg-wrapper\"><div class=\"stk--inner-svg\"><svg aria-hidden=\"true\" data-prefix=\"fas\" data-icon=\"arrow-right\" class=\"svg-inline--fa fa-arrow-right fa-w-14\" xmlns=\"http:\/\/www.w3.org\/2000\/svg\" viewBox=\"0 0 448 512\" width=\"32\" height=\"32\"><path fill=\"currentColor\" d=\"M190.5 66.9l22.2-22.2c9.4-9.4 24.6-9.4 33.9 0L441 239c9.4 9.4 9.4 24.6 0 33.9L246.6 467.3c-9.4 9.4-24.6 9.4-33.9 0l-22.2-22.2c-9.5-9.5-9.3-25 .4-34.3L311.4 296H24c-13.3 0-24-10.7-24-24v-32c0-13.3 10.7-24 24-24h287.4L190.9 101.2c-9.8-9.3-10-24.8-.4-34.3z\"><\/path><\/svg><\/div><\/span><\/a><\/div>\n<\/div><\/div>\n<\/div><\/div><\/div>\n\n\n\n<div class=\"wp-block-stackable-column stk-block-column stk-column stk-block stk-65c998f\" data-v=\"4\" data-block-id=\"65c998f\"><style>.stk-65c998f{border-top-left-radius:50px !important;border-top-right-radius:50px !important;border-bottom-right-radius:50px !important;border-bottom-left-radius:50px !important;overflow:hidden !important;box-shadow:none !important}.stk-65c998f-container{box-shadow:none !important;padding-bottom:80px !important}@media screen and (min-width:768px){.stk-65c998f{flex:var(--stk-flex-grow,1) 1 40% !important}}@media screen and (min-width:768px) and (max-width:1023px){.stk-65c998f{flex:var(--stk-flex-grow,1) 1 calc(100% - var(--stk-column-gap,0px) * 0 \/ 1 ) !important}}<\/style><div class=\"stk-column-wrapper stk-block-column__content stk-container stk-65c998f-container stk-hover-parent\"><div class=\"stk-block-content stk-inner-blocks stk-65c998f-inner-blocks\">\n<div class=\"wp-block-stackable-image stk-block-image stk-block stk-90aa196\" data-block-id=\"90aa196\"><style>.stk-90aa196 .stk-img-wrapper{height:250px !important}<\/style><figure><span class=\"stk-img-wrapper stk-image--shape-stretch\"><img loading=\"lazy\" decoding=\"async\" class=\"stk-img wp-image-2982\" src=\"https:\/\/storage.googleapis.com\/stackable-plugin-assets\/library-v3\/section-wireframes-service-4\/bf042e958f5b.png\" width=\"250\" height=\"300\"\/><\/span><\/figure><\/div>\n\n\n\n<div class=\"wp-block-stackable-heading stk-block-heading stk-block-heading--v2 stk-block stk-6707da1\" id=\"service-2\" data-block-id=\"6707da1\"><h3 class=\"stk-block-heading__text\">Service 2<\/h3><\/div>\n\n\n\n<div class=\"wp-block-stackable-text stk-block-text stk-block stk-05f994b\" data-block-id=\"05f994b\"><p class=\"stk-block-text__text\">Description for this block. Use this space for describing your block. Any text will do. Description for this block. You can use this space for describing your block.<\/p><\/div>\n\n\n\n<div class=\"wp-block-stackable-button-group stk-block-button-group stk-block stk-3d895e9\" data-block-id=\"3d895e9\"><div class=\"stk-row stk-inner-blocks stk-block-content stk-button-group\">\n<div class=\"wp-block-stackable-button stk-block-button is-style-plain stk-block stk-8c4ca88\" data-block-id=\"8c4ca88\"><style>.stk-8c4ca88 .stk-button{background:transparent !important}.stk-8c4ca88 .stk-button:hover:after{background:transparent !important;opacity:1 !important}:where(.stk-hover-parent:hover,.stk-hover-parent.stk--is-hovered) .stk-8c4ca88 .stk-button:after{background:transparent !important;opacity:1 !important}<\/style><a class=\"stk-link stk-button stk--hover-effect-darken\" href=\"\"><span class=\"stk-button__inner-text\">Agendar<\/span><span class=\"stk--svg-wrapper\"><div class=\"stk--inner-svg\"><svg aria-hidden=\"true\" data-prefix=\"fas\" data-icon=\"arrow-right\" class=\"svg-inline--fa fa-arrow-right fa-w-14\" xmlns=\"http:\/\/www.w3.org\/2000\/svg\" viewBox=\"0 0 448 512\" width=\"32\" height=\"32\"><path fill=\"currentColor\" d=\"M190.5 66.9l22.2-22.2c9.4-9.4 24.6-9.4 33.9 0L441 239c9.4 9.4 9.4 24.6 0 33.9L246.6 467.3c-9.4 9.4-24.6 9.4-33.9 0l-22.2-22.2c-9.5-9.5-9.3-25 .4-34.3L311.4 296H24c-13.3 0-24-10.7-24-24v-32c0-13.3 10.7-24 24-24h287.4L190.9 101.2c-9.8-9.3-10-24.8-.4-34.3z\"><\/path><\/svg><\/div><\/span><\/a><\/div>\n<\/div><\/div>\n<\/div><\/div><\/div>\n\n\n\n<div class=\"wp-block-stackable-column stk-block-column stk-column stk-block stk-a945b1b\" data-v=\"4\" data-block-id=\"a945b1b\"><style>.stk-a945b1b{border-top-left-radius:50px !important;border-top-right-radius:50px !important;border-bottom-right-radius:50px !important;border-bottom-left-radius:50px !important;overflow:hidden !important;box-shadow:none !important}.stk-a945b1b-inner-blocks{justify-content:center !important}.stk-a945b1b-container{display:flex !important}@media screen and (min-width:768px){.stk-a945b1b{flex:var(--stk-flex-grow,1) 1 30% !important}}@media screen and (min-width:768px) and (max-width:1023px){.stk-a945b1b{flex:var(--stk-flex-grow,1) 1 calc(100% - var(--stk-column-gap,0px) * 0 \/ 1 ) !important}}<\/style><div class=\"stk-column-wrapper stk-block-column__content stk-container stk-a945b1b-container stk-hover-parent\"><div class=\"stk-block-content stk-inner-blocks stk-a945b1b-inner-blocks\">\n<div class=\"wp-block-stackable-image stk-block-image stk-block stk-2b68024\" data-block-id=\"2b68024\"><style>.stk-2b68024 .stk-img-wrapper{height:250px !important}<\/style><figure><span class=\"stk-img-wrapper stk-image--shape-stretch\"><img loading=\"lazy\" decoding=\"async\" class=\"stk-img wp-image-2982\" src=\"https:\/\/storage.googleapis.com\/stackable-plugin-assets\/library-v3\/section-wireframes-service-4\/bf042e958f5b.png\" width=\"250\" height=\"300\"\/><\/span><\/figure><\/div>\n\n\n\n<div class=\"wp-block-group is-nowrap is-layout-flex wp-container-core-group-is-layout-6c531013 wp-block-group-is-layout-flex\">\n<div class=\"wp-block-stackable-heading stk-block-heading stk-block-heading--v2 stk-block stk-4707e54\" id=\"service-3\" data-block-id=\"4707e54\"><h3 class=\"stk-block-heading__text\">Service 3<\/h3><\/div>\n\n\n\n<p>8<\/p>\n<\/div>\n\n\n\n<div class=\"wp-block-stackable-text stk-block-text stk-block stk-f015517\" data-block-id=\"f015517\"><p class=\"stk-block-text__text\">Description for this block. Use this space for describing your block. Any text will do. Description for this block. You can use this space for describing your block.<\/p><\/div>\n\n\n\n<div class=\"wp-block-stackable-button-group stk-block-button-group stk-block stk-485b3d4\" data-block-id=\"485b3d4\"><div class=\"stk-row stk-inner-blocks stk-block-content stk-button-group\">\n<div class=\"wp-block-stackable-button stk-block-button is-style-plain stk-block stk-5507b09\" data-block-id=\"5507b09\"><style>.stk-5507b09 .stk-button{background:transparent !important}<\/style><a class=\"stk-link stk-button stk--hover-effect-darken\" href=\"\"><span class=\"stk-button__inner-text\">Agendar<\/span><span class=\"stk--svg-wrapper\"><div class=\"stk--inner-svg\"><svg aria-hidden=\"true\" data-prefix=\"fas\" data-icon=\"arrow-right\" class=\"svg-inline--fa fa-arrow-right fa-w-14\" xmlns=\"http:\/\/www.w3.org\/2000\/svg\" viewBox=\"0 0 448 512\" width=\"32\" height=\"32\"><path fill=\"currentColor\" d=\"M190.5 66.9l22.2-22.2c9.4-9.4 24.6-9.4 33.9 0L441 239c9.4 9.4 9.4 24.6 0 33.9L246.6 467.3c-9.4 9.4-24.6 9.4-33.9 0l-22.2-22.2c-9.5-9.5-9.3-25 .4-34.3L311.4 296H24c-13.3 0-24-10.7-24-24v-32c0-13.3 10.7-24 24-24h287.4L190.9 101.2c-9.8-9.3-10-24.8-.4-34.3z\"><\/path><\/svg><\/div><\/span><\/a><\/div>\n<\/div><\/div>\n<\/div><\/div><\/div>\n<\/div><\/div>\n<\/div><\/div><\/div>\n<\/div><\/div>\n\n\n\n<div class=\"wp-block-stackable-columns alignfull stk-block-columns stk-block stk-33878b2 stk-block-background\" data-block-id=\"33878b2\"><style>.stk-33878b2{background-color:#000000eb !important;margin-top:-36px !important;margin-bottom:-8px !important}.stk-33878b2:before{background-color:#000000eb !important}<\/style><div class=\"stk-row stk-inner-blocks stk-block-content stk-content-align stk-33878b2-column\">\n<div class=\"wp-block-stackable-column stk-block-column stk-column stk-block stk-1bf8238\" data-v=\"4\" data-block-id=\"1bf8238\"><div class=\"stk-column-wrapper stk-block-column__content stk-container stk-1bf8238-container stk--no-background stk--no-padding\"><div class=\"stk-block-content stk-inner-blocks stk-1bf8238-inner-blocks\">\n<div class=\"wp-block-stackable-heading stk-block-heading stk-block-heading--v2 stk-block stk-efd03c1\" id=\"beneficios-de-nuestro-servicio-al-momento-de-contratarnos\" data-block-id=\"efd03c1\"><style>.stk-efd03c1{margin-bottom:48px !important}.stk-efd03c1 .stk-block-heading__text{color:var(--theme-palette-color-7,#FAFBFC) !important}<\/style><h2 class=\"stk-block-heading__text has-text-color\">Beneficios de nuestro servicio al momento de contratarnos<\/h2><\/div>\n\n\n\n<div class=\"wp-block-stackable-columns stk-block-columns stk-block stk-4eb3108\" data-block-id=\"4eb3108\"><style>.stk-4eb3108-column{--stk-column-gap:48px !important}<\/style><div class=\"stk-row stk-inner-blocks stk-block-content stk-content-align stk-4eb3108-column\">\n<div class=\"wp-block-stackable-column stk-block-column stk-column stk-block stk-cab4a5e\" data-v=\"4\" data-block-id=\"cab4a5e\"><style>.stk-cab4a5e{align-self:center !important}<\/style><div class=\"stk-column-wrapper stk-block-column__content stk-container stk-cab4a5e-container stk--no-background stk--no-padding\"><div class=\"stk-block-content stk-inner-blocks stk-cab4a5e-inner-blocks\">\n<div class=\"wp-block-stackable-icon-box stk-block-icon-box stk-block stk-d9209ae\" data-v=\"2\" data-block-id=\"d9209ae\"><div class=\"stk-block-content stk-inner-blocks stk-block-icon-box__content stk-container stk-d9209ae-container stk--no-background stk--no-padding\">\n<div class=\"wp-block-stackable-icon-label stk-block-icon-label stk-block stk-744ee71\" data-block-id=\"744ee71\"><div class=\"stk-row stk-inner-blocks stk-block-content\">\n<div class=\"wp-block-stackable-icon stk-block-icon has-text-align-left stk-block stk-d0bbe52\" data-block-id=\"d0bbe52\"><span class=\"stk--svg-wrapper\"><div class=\"stk--inner-svg\"><svg style=\"height:0;width:0\"><defs><linearGradient id=\"linear-gradient-d0bbe52\" x1=\"0\" x2=\"100%\" y1=\"0\" y2=\"0\"><stop offset=\"0%\" style=\"stop-opacity:1;stop-color:var(--linear-gradient-d-0-bbe-52-color-1)\"><\/stop><stop offset=\"100%\" style=\"stop-opacity:1;stop-color:var(--linear-gradient-d-0-bbe-52-color-2)\"><\/stop><\/linearGradient><\/defs><\/svg><svg xmlns=\"http:\/\/www.w3.org\/2000\/svg\" viewBox=\"0 0 640 512\" aria-hidden=\"true\" width=\"32\" height=\"32\"><path d=\"M155.6 17.3C163 3 179.9-3.6 195 1.9L320 47.5l125-45.6c15.1-5.5 32 1.1 39.4 15.4l78.8 152.9c28.8 55.8 10.3 122.3-38.5 156.6L556.1 413l41-15c16.6-6 35 2.5 41 19.1s-2.5 35-19.1 41l-71.1 25.9L476.8 510c-16.6 6.1-35-2.5-41-19.1s2.5-35 19.1-41l41-15-31.3-86.2c-59.4 5.2-116.2-34-130-95.2L320 188.8l-14.6 64.7c-13.8 61.3-70.6 100.4-130 95.2l-31.3 86.2 41 15c16.6 6 25.2 24.4 19.1 41s-24.4 25.2-41 19.1L92.2 484.1 21.1 458.2c-16.6-6.1-25.2-24.4-19.1-41s24.4-25.2 41-19.1l41 15 31.3-86.2C66.5 292.5 48.1 226 76.9 170.2L155.6 17.3zm44 54.4l-27.2 52.8L261.6 157l13.1-57.9L199.6 71.7zm240.9 0L365.4 99.1 378.5 157l89.2-32.5L440.5 71.7z\"><\/path><\/svg><\/div><\/span><\/div>\n\n\n\n<div class=\"wp-block-stackable-heading stk-block-heading stk-block-heading--v2 stk-block stk-92b31d4\" id=\"nos-acomodamos-a-usted\" data-block-id=\"92b31d4\"><style>.stk-92b31d4 .stk-block-heading__text{color:var(--theme-palette-color-7,#FAFBFC) !important}<\/style><h4 class=\"stk-block-heading__text has-text-color\">Nos acomodamos a usted<\/h4><\/div>\n<\/div><\/div>\n\n\n\n<div class=\"wp-block-stackable-text stk-block-text stk-block stk-df475da\" data-block-id=\"df475da\"><style>.stk-df475da .stk-block-text__text{color:var(--theme-palette-color-7,#FAFBFC) !important}<\/style><p class=\"stk-block-text__text has-text-color\">Lorem ipsum dolor sit amet, consectetur adipiscing elit. Sed ultrices elit eget sem luctus interdum. Morbi a sapien ut dolor placerat consequat. Nulla facilisi.<\/p><\/div>\n<\/div><\/div>\n\n\n\n<div class=\"wp-block-stackable-icon-box stk-block-icon-box stk-block stk-8d4470d\" data-v=\"2\" data-block-id=\"8d4470d\"><div class=\"stk-block-content stk-inner-blocks stk-block-icon-box__content stk-container stk-8d4470d-container stk--no-background stk--no-padding\">\n<div class=\"wp-block-stackable-icon-label stk-block-icon-label stk-block stk-bc1c332\" data-block-id=\"bc1c332\"><div class=\"stk-row stk-inner-blocks stk-block-content\">\n<div class=\"wp-block-stackable-icon stk-block-icon has-text-align-left stk-block stk-45bb4fc\" data-block-id=\"45bb4fc\"><span class=\"stk--svg-wrapper\"><div class=\"stk--inner-svg\"><svg style=\"height:0;width:0\"><defs><linearGradient id=\"linear-gradient-45bb4fc\" x1=\"0\" x2=\"100%\" y1=\"0\" y2=\"0\"><stop offset=\"0%\" style=\"stop-opacity:1;stop-color:var(--linear-gradient-45-bb-4-fc-color-1)\"><\/stop><stop offset=\"100%\" style=\"stop-opacity:1;stop-color:var(--linear-gradient-45-bb-4-fc-color-2)\"><\/stop><\/linearGradient><\/defs><\/svg><svg xmlns=\"http:\/\/www.w3.org\/2000\/svg\" viewBox=\"0 0 512 512\" aria-hidden=\"true\" width=\"32\" height=\"32\"><path d=\"M32 0C19.1 0 7.4 7.8 2.4 19.8s-2.2 25.7 6.9 34.9L224 269.3V448H160c-17.7 0-32 14.3-32 32s14.3 32 32 32h96 96c17.7 0 32-14.3 32-32s-14.3-32-32-32H288V269.3L502.6 54.6c9.2-9.2 11.9-22.9 6.9-34.9S492.9 0 480 0H32zM173.3 128l-64-64H402.7l-64 64H173.3z\"><\/path><\/svg><\/div><\/span><\/div>\n\n\n\n<div class=\"wp-block-stackable-heading stk-block-heading stk-block-heading--v2 stk-block stk-515b82f\" id=\"orientado-al-gusto-del-cliente\" data-block-id=\"515b82f\"><style>.stk-515b82f .stk-block-heading__text{color:var(--theme-palette-color-7,#FAFBFC) !important}<\/style><h4 class=\"stk-block-heading__text has-text-color\">Orientado al gusto del cliente<\/h4><\/div>\n<\/div><\/div>\n\n\n\n<div class=\"wp-block-stackable-text stk-block-text stk-block stk-07b154d\" data-block-id=\"07b154d\"><style>.stk-07b154d .stk-block-text__text{color:var(--theme-palette-color-7,#FAFBFC) !important}<\/style><p class=\"stk-block-text__text has-text-color\">Lorem ipsum dolor sit amet, consectetur adipiscing elit. Sed ultrices elit eget sem luctus interdum. Morbi a sapien ut dolor placerat consequat. Nulla facilisi.<\/p><\/div>\n<\/div><\/div>\n\n\n\n<div class=\"wp-block-stackable-icon-box stk-block-icon-box stk-block stk-28b7fbe\" data-v=\"2\" data-block-id=\"28b7fbe\"><div class=\"stk-block-content stk-inner-blocks stk-block-icon-box__content stk-container stk-28b7fbe-container stk--no-background stk--no-padding\">\n<div class=\"wp-block-stackable-icon-label stk-block-icon-label stk-block stk-69af605\" data-block-id=\"69af605\"><div class=\"stk-row stk-inner-blocks stk-block-content\">\n<div class=\"wp-block-stackable-icon stk-block-icon has-text-align-left stk-block stk-5e9cc29\" data-block-id=\"5e9cc29\"><span class=\"stk--svg-wrapper\"><div class=\"stk--inner-svg\"><svg style=\"height:0;width:0\"><defs><linearGradient id=\"linear-gradient-5e9cc29\" x1=\"0\" x2=\"100%\" y1=\"0\" y2=\"0\"><stop offset=\"0%\" style=\"stop-opacity:1;stop-color:var(--linear-gradient-5-e-9-cc-29-color-1)\"><\/stop><stop offset=\"100%\" style=\"stop-opacity:1;stop-color:var(--linear-gradient-5-e-9-cc-29-color-2)\"><\/stop><\/linearGradient><\/defs><\/svg><svg xmlns=\"http:\/\/www.w3.org\/2000\/svg\" viewBox=\"0 0 576 512\" aria-hidden=\"true\" width=\"32\" height=\"32\"><path d=\"M432 240c53 0 96-43 96-96s-43-96-96-96c-35.5 0-66.6 19.3-83.2 48H296.2C316 40.1 369.3 0 432 0c79.5 0 144 64.5 144 144s-64.5 144-144 144c-27.7 0-53.5-7.8-75.5-21.3l35.4-35.4c12.2 5.6 25.8 8.7 40.1 8.7zM1.8 142.8C5.5 133.8 14.3 128 24 128H392c9.7 0 18.5 5.8 22.2 14.8s1.7 19.3-5.2 26.2l-177 177V464h64c13.3 0 24 10.7 24 24s-10.7 24-24 24H208 120c-13.3 0-24-10.7-24-24s10.7-24 24-24h64V345.9L7 169c-6.9-6.9-8.9-17.2-5.2-26.2z\"><\/path><\/svg><\/div><\/span><\/div>\n\n\n\n<div class=\"wp-block-stackable-heading stk-block-heading stk-block-heading--v2 stk-block stk-17fa1f8\" id=\"totalmente-personalizado\" data-block-id=\"17fa1f8\"><style>.stk-17fa1f8 .stk-block-heading__text{color:var(--theme-palette-color-7,#FAFBFC) !important}<\/style><h4 class=\"stk-block-heading__text has-text-color\">Totalmente Personalizado<\/h4><\/div>\n<\/div><\/div>\n\n\n\n<div class=\"wp-block-stackable-text stk-block-text stk-block stk-e35233b\" data-block-id=\"e35233b\"><style>.stk-e35233b .stk-block-text__text{color:var(--theme-palette-color-7,#FAFBFC) !important}<\/style><p class=\"stk-block-text__text has-text-color\">Lorem ipsum dolor sit amet, consectetur adipiscing elit. Sed ultrices elit eget sem luctus interdum. Morbi a sapien ut dolor placerat consequat. Nulla facilisi.<\/p><\/div>\n<\/div><\/div>\n<\/div><\/div><\/div>\n\n\n\n<div class=\"wp-block-stackable-column stk-block-column stk-column stk-block stk-13be763\" data-v=\"4\" data-block-id=\"13be763\"><div class=\"stk-column-wrapper stk-block-column__content stk-container stk-13be763-container stk--no-background stk--no-padding\"><div class=\"stk-block-content stk-inner-blocks stk-13be763-inner-blocks\">\n<div class=\"wp-block-stackable-image stk-block-image stk-block stk-4c47e22\" data-block-id=\"4c47e22\"><style>.stk-4c47e22{align-items:center !important;display:flex !important}.stk-4c47e22 .stk-img-wrapper{height:600px !important}<\/style><figure><span class=\"stk-img-wrapper stk-image--shape-stretch\"><img loading=\"lazy\" decoding=\"async\" class=\"stk-img wp-image-1306\" src=\"https:\/\/storage.googleapis.com\/stackable-plugin-assets\/library-v3\/section-wireframes-feature-2\/71e0c4bfb3a1.png\" width=\"500\" height=\"600\"\/><\/span><\/figure><\/div>\n<\/div><\/div><\/div>\n<\/div><\/div>\n<\/div><\/div><\/div>\n<\/div><\/div>\n","protected":false},"excerpt":{"rendered":"<p>Llevamos la barra a donde est\u00e9s \u00a1Haz de tu evento algo inolvidable con nuestra barra m\u00f3vil de tragos! Nuestros expertos en mixolog\u00eda est\u00e1n listos para sorprenderte con una variedad de c\u00f3cteles deliciosos y un servicio impecable. Desde bodas hasta fiestas corporativas, nosotros nos encargamos de todo para que t\u00fa puedas relajarte y disfrutar junto a [&hellip;]<\/p>\n","protected":false},"author":1,"featured_media":0,"parent":0,"menu_order":0,"comment_status":"closed","ping_status":"closed","template":"","meta":{"footnotes":""},"class_list":["post-15","page","type-page","status-publish","hentry"],"blocksy_meta":{"has_hero_section":"disabled","styles_descriptor":{"styles":{"desktop":"","tablet":"","mobile":""},"google_fonts":[],"version":6},"vertical_spacing_source":"custom","content_area_spacing":"none"},"_links":{"self":[{"href":"https:\/\/cry.tmp.vis-hosting.com\/index.php?rest_route=\/wp\/v2\/pages\/15","targetHints":{"allow":["GET"]}}],"collection":[{"href":"https:\/\/cry.tmp.vis-hosting.com\/index.php?rest_route=\/wp\/v2\/pages"}],"about":[{"href":"https:\/\/cry.tmp.vis-hosting.com\/index.php?rest_route=\/wp\/v2\/types\/page"}],"author":[{"embeddable":true,"href":"https:\/\/cry.tmp.vis-hosting.com\/index.php?rest_route=\/wp\/v2\/users\/1"}],"replies":[{"embeddable":true,"href":"https:\/\/cry.tmp.vis-hosting.com\/index.php?rest_route=%2Fwp%2Fv2%2Fcomments&post=15"}],"version-history":[{"count":62,"href":"https:\/\/cry.tmp.vis-hosting.com\/index.php?rest_route=\/wp\/v2\/pages\/15\/revisions"}],"predecessor-version":[{"id":117,"href":"https:\/\/cry.tmp.vis-hosting.com\/index.php?rest_route=\/wp\/v2\/pages\/15\/revisions\/117"}],"wp:attachment":[{"href":"https:\/\/cry.tmp.vis-hosting.com\/index.php?rest_route=%2Fwp%2Fv2%2Fmedia&parent=15"}],"curies":[{"name":"wp","href":"https:\/\/api.w.org\/{rel}","templated":true}]}}